{"id":4,"date":"2015-05-30T01:40:40","date_gmt":"2015-05-29T16:40:40","guid":{"rendered":"http:\/\/kodomonokai.at\/news\/?page_id=4"},"modified":"2025-09-07T18:33:10","modified_gmt":"2025-09-07T16:33:10","slug":"%e5%85%a5%e4%bc%9a%e6%a1%88%e5%86%85","status":"publish","type":"page","link":"http:\/\/kodomonokai.at\/news\/%e5%85%a5%e4%bc%9a%e6%a1%88%e5%86%85\/","title":{"rendered":"\u5165\u4f1a\u6848\u5185"},"content":{"rendered":"\n<figure class=\"wp-block-table\"><table><tbody><tr><td>\n<p class=\"p1\"><span class=\"s1\">\u25cf\u5165\u4f1a\u65b9\u6cd5<\/span><\/p>\n<\/td><td> <h4 class=\"p1\"><span class=\"s1\" style=\"font-weight: normal;\">\u3010\u521d\u3081\u306b\u304a\u8aad\u307f\u4e0b\u3055\u3044\u3011<\/span><\/h4> <p class=\"p1\"><span class=\"s1\">\u25cf\u300c\u65e5\u672c\u8a9e\u3092\u8a71\u3059\u5b50\u4f9b\u306e\u4f1a\u3000\u30a6\u30a3\u30fc\u30f3\u88dc\u7fd2\u6388\u696d\u6821\u300d\u3067\u306f\u3001\u5165\u4f1a\u767b\u9332\u3092\u5e0c\u671b\u3055\u308c\u305f\u65b9\u306b\u3001\u5f53\u4f1a\u306e\u6982\u8981\u306b\u3064\u3044\u3066\u3054\u6848\u5185\u81f4\u3057\u307e\u3059\u3002<br>\u25cf\u00a0Achtung!: Diese japanische Sprachgruppe ist nur fuer Kinder, die Japanisch als Muttersprache haben, oder die von japanischer Herkunft sind. Leider k\u00f6nnen wir keine Kinder in den Verein aufnehmen, die \u00fcber keinerlei Japanischkenntnisse verf\u00fcgen.<\/span><\/p> <p>\u3054\u898b\u5b66\u306f\u968f\u6642\u53d7\u3051\u4ed8\u3051\u3066\u304a\u308a\u307e\u3059\u304c\u3001\u3054\u5165\u4f1a\u306b\u5f53\u305f\u308a\u307e\u3057\u3066\u306f\u6240\u5b9a\u306e\u6761\u4ef6\u304c\u3054\u3056\u3044\u307e\u3059\u306e\u3067\u3001\u304a\u9001\u308a\u3059\u308b\u6982\u8981\u3092\u3088\u304f\u304a\u8aad\u307f\u3044\u305f\u3060\u304d\u3001\u3054\u4e0d\u660e\u306a\u70b9\u306f\u304a\u554f\u5408\u305b\u304f\u3060\u3055\u3044\u3002<\/p> <p><span class=\"s1\">\u25cf<\/span><span style=\"font-family: 'Lucida Sans Unicode'; color: #000000;\"><span style=\"font-family: \uff2d\uff33 \uff30\u30b4\u30b7\u30c3\u30af;\"><span style=\"font-size: medium;\">\u5165\u4f1a\u5e0c\u671b\u306e\u65b9\u306f\u3001<a href=\"https:\/\/forms.gle\/6LudgWa2Q1HAc6Ys7\" data-type=\"URL\" data-id=\"https:\/\/forms.gle\/6LudgWa2Q1HAc6Ys7\">\u3053\u3061\u3089<\/a>\u306e\u30ea\u30f3\u30af\u3088\u308a\u3054\u9023\u7d61\u304f\u3060\u3055\u3044\u3002<\/span><\/span><\/span><\/p> <p align=\"LEFT\"><span style=\"font-family: 'Lucida Sans Unicode'; color: #000000;\"><span style=\"font-family: \uff2d\uff33 \uff30\u30b4\u30b7\u30c3\u30af;\"><span style=\"font-size: medium;\">\u8ffd\u3063\u3066\u898b\u5b66\u4f1a\u306b\u3064\u304d\u307e\u3057\u3066\u62c5\u5f53\u8005\u3088\u308a\u3054\u9023\u7d61\u3055\u305b\u3066\u3044\u305f\u3060\u304d\u307e\u3059\u3002<\/span><\/span><\/span><\/p> <p>\u25cf \u5165\u4f1a\u5e0c\u671b\u4ee5\u5916\u306b\u3082\u3001\u8cea\u554f\u306a\u3069\u3001\u30e1\u30fc\u30eb\u306f\u968f\u6642\u53d7\u3051\u4ed8\u3051\u3066\u304a\u308a\u307e\u3059\u3002\u304a\u6c17\u8efd\u306b\u304a\u554f\u3044\u5408\u308f\u305b\u4e0b\u3055\u3044\u3002<\/p> <p><strong>\u30e1\u30fc\u30eb\u30a2\u30c9\u30ec\u30b9:\u3000wien@kodomonokai.at<\/strong><\/p> <\/td><\/tr><tr><td>\n<p class=\"p1\"><span class=\"s1\">\u25cf\u671f\u9593\u30fb\u6388\u696d\u56de\u6570<\/span><\/p>\n<\/td><td> <p class=\"p1\"><span class=\"s1\">2025\/2026\u5e74\u5ea6<br><\/span>\u524d\u5b66\u671f 9\u6708\uff5e2\u6708\u4e0a\u65ec<br>\u5f8c\u5b66\u671f 2\u6708\u4e2d\u65ec\uff5e6\u6708<br>\u5404\u5b66\u671f\u3000\u5168\u30af\u30e9\u30b9\u300017\uff5e20 \u56de<br>\u203b\uff09\u30aa\u30fc\u30b9\u30c8\u30ea\u30a2\u306e\u795d\u65e5\u7b49\u306b\u3088\u308a\u4f11\u65e5\u306f\u5404\u5e74\u5ea6\u7570\u306a\u308a\u307e\u3059\u3002<\/p> <\/td><\/tr><tr><td>\n<p class=\"p1\"><span class=\"s1\">\u25cf\u6388\u696d\u6642\u9593<\/span><\/p>\n<\/td><td>\n<p class=\"p1\">\u6bce\u9031\u91d1\u66dc\u65e5\u306e\u5348\u5f8c<br>\u4f11\u61a9\u306b\u6301\u53c2\u3057\u305f\u304a\u3084\u3064\u3092\u3044\u305f\u3060\u304d\u307e\u3059<\/p>\n<\/td><\/tr><tr><td>\n<p class=\"p1\"><span class=\"s1\">\u25cf\u6388\u696d\u6599<\/span><\/p>\n<\/td><td> 2025\/2026\u5e74\u5ea6<strong>\u5e74\u4f1a\u8cbb<\/strong>:\u3000\u7d04385\u30e6\u30fc\u30ed \u203b\u524d\u671f\u3001\u5f8c\u671f\u306e2\u56de\u306b\u5206\u3051\u3066\u304a\u652f\u6255\u3044\u9802\u304d\u307e\u3059\u3002\u5165\u4f1a\u91d1\u5225\u9014\u3002&nbsp;\u202f<br>\u3010\u5185\u8a33\u3011<br>\u6388\u696d\u6599\u3001\u65bd\u8a2d\u4f7f\u7528\u8cbb\/\u4e00\u4eba\u3042\u305f\u308a \u7d04360\u30e6\u30fc\u30ed<br>\u5e74\u4f1a\u8cbb\/\u4e00\u4e16\u5e2f\u3042\u305f\u308a&nbsp;15\u30e6\u30fc\u30ed<br>\u6587\u96c6\/\u4e00\u4e16\u5e2f\u3042\u305f\u308a10\u30e6\u30fc\u30ed<br><br><br><br>\u5e74\u4f1a\u8cbb(2\u5b66\u671f\u5236)\u306f\u4f7f\u7528\u65bd\u8a2d\u306e\u8cc3\u8cb8\u5951\u7d04\u3001\u5150\u7ae5\u6570\u3001\u767a\u8868\u4f1a\u7b49\u306b\u3088\u308a\u3001\u6bce\u5e74\u5909\u66f4\u306b\u306a\u308b\u53ef\u80fd\u6027\u304c\u3042\u308a\u307e\u3059\u3002<br><div> <div dir=\"ltr\"><p><span style=\"color: #333333; font-family: arial, sans-serif;\"><span lang=\"JA-JP\"><\/span><\/span><\/p><\/div><\/div><br><br><div><div dir=\"ltr\"><p><span style=\"color: #333333; font-family: arial, sans-serif;\"><span lang=\"JA-JP\"><\/span><\/span><\/p><\/div><p><span style=\"color: #333333; font-family: arial, sans-serif;\">&nbsp;<\/span><\/p> <\/div> <div dir=\"ltr\"><span style=\"font-family: arial, sans-serif; color: #333333;\"><span lang=\"JA-JP\"><\/span><\/span><\/div> <\/td><\/tr><tr><td>\n<p class=\"p1\"><span class=\"s1\">\u25cf\u5834\u6240<\/span><\/p>\n<\/td><td> \u30a6\u30a3\u30fc\u30f3\u5e02\u518522\u533a<\/td><\/tr><tr><td>\n<p class=\"p1\"><span class=\"s1\">\u25cf\u898f\u7d04\u3000\u3000<\/span><\/p>\n<\/td><td>\n<p class=\"p1\"><span class=\"s2\">\u300c\u65e5\u672c\u8a9e\u3092\u8a71\u3059\u5b50\u4f9b\u306e\u4f1a\u300d\u4f1a\u54e1\u898f\u7d04<br><a href=\"http:\/\/www.kodomonokai.at\/data\/pdf\/pdf_2017\/170914_statuten_neu.pdf\" target=\"_blank\" rel=\"noopener\">&gt;&gt;&gt;PDF<\/a><\/span><\/p>\n<\/td><\/tr><\/tbody><\/table><\/figure>\n","protected":false},"excerpt":{"rendered":"<p>\u25cf\u5165\u4f1a\u65b9\u6cd5 \u3010\u521d\u3081\u306b\u304a\u8aad\u307f\u4e0b\u3055\u3044\u3011 \u25cf\u300c\u65e5\u672c\u8a9e\u3092\u8a71\u3059\u5b50\u4f9b\u306e\u4f1a\u3000\u30a6\u30a3\u30fc\u30f3\u88dc\u7fd2\u6388\u696d\u6821\u300d\u3067\u306f\u3001\u5165\u4f1a\u767b\u9332\u3092\u5e0c\u671b\u3055\u308c\u305f\u65b9\u306b\u3001\u5f53\u4f1a\u306e\u6982\u8981\u306b\u3064\u3044\u3066\u3054\u6848\u5185\u81f4\u3057\u307e\u3059\u3002\u25cf\u00a0Achtung!: Diese japanische Sprachg <a class=\"more-link\" href=\"http:\/\/kodomonokai.at\/news\/%e5%85%a5%e4%bc%9a%e6%a1%88%e5%86%85\/\">Continue Reading &rarr;<\/a><\/p>\n","protected":false},"author":1,"featured_media":0,"parent":0,"menu_order":0,"comment_status":"closed","ping_status":"closed","template":"","meta":{"jetpack_post_was_ever_published":false},"jetpack_sharing_enabled":true,"jetpack_shortlink":"https:\/\/wp.me\/P6pz9P-4","_links":{"self":[{"href":"http:\/\/kodomonokai.at\/news\/wp-json\/wp\/v2\/pages\/4"}],"collection":[{"href":"http:\/\/kodomonokai.at\/news\/wp-json\/wp\/v2\/pages"}],"about":[{"href":"http:\/\/kodomonokai.at\/news\/wp-json\/wp\/v2\/types\/page"}],"author":[{"embeddable":true,"href":"http:\/\/kodomonokai.at\/news\/wp-json\/wp\/v2\/users\/1"}],"replies":[{"embeddable":true,"href":"http:\/\/kodomonokai.at\/news\/wp-json\/wp\/v2\/comments?post=4"}],"version-history":[{"count":107,"href":"http:\/\/kodomonokai.at\/news\/wp-json\/wp\/v2\/pages\/4\/revisions"}],"predecessor-version":[{"id":1797,"href":"http:\/\/kodomonokai.at\/news\/wp-json\/wp\/v2\/pages\/4\/revisions\/1797"}],"wp:attachment":[{"href":"http:\/\/kodomonokai.at\/news\/wp-json\/wp\/v2\/media?parent=4"}],"curies":[{"name":"wp","href":"https:\/\/api.w.org\/{rel}","templated":true}]}}